{"id":166,"date":"2017-01-20T13:45:27","date_gmt":"2017-01-20T13:45:27","guid":{"rendered":"http:\/\/wwwro.anm.ro\/?page_id=166"},"modified":"2023-03-14T14:41:17","modified_gmt":"2023-03-14T11:41:17","slug":"conturi-bancare-si-cod-fiscal","status":"publish","type":"page","link":"https:\/\/www.anm.ro\/en\/contact\/conturi-bancare-si-cod-fiscal\/","title":{"rendered":"Bank accounts and Fiscal code"},"content":{"rendered":"<p><strong>NAMMD accounts assigned by BANCA COMERCIALA ROMANA and TREZORERIA STATULUI<\/strong><\/p>\n<p><strong>BANCA COMERCIAL\u0102 ROM\u00c2N\u0102<\/strong><br \/>\nSWIFT : RNCB RO BU<br \/>\nRO39RNCB0080164254290007 \u2013 TARIFE \u00ceN EURO<\/p>\n<p><strong>TREZORERIE SECTOR 1<\/strong><br \/>\nRO09TREZ70120G365000XXXX \u2013 TARIFE \u00ceN LEI<br \/>\nRO41TREZ23G665050100113X &#8211; CHELTUIELI CAZARE<br \/>\nRO74TREZ23G665050200601X &#8211; CHELTUIELI TRANSPORT<\/p>\n<p><strong>FISCAL REGISTRATION CODE<\/strong><br \/>\n41433222<\/p>\n","protected":false},"excerpt":{"rendered":"<p>NAMMD accounts assigned by BANCA COMERCIALA ROMANA and TREZORERIA STATULUI BANCA COMERCIAL\u0102 ROM\u00c2N\u0102 SWIFT : RNCB RO BU RO39RNCB0080164254290007 \u2013 [&hellip;]<\/p>\n","protected":false},"author":1,"featured_media":0,"parent":162,"menu_order":0,"comment_status":"closed","ping_status":"closed","template":"","meta":{"footnotes":""},"class_list":["post-166","page","type-page","status-publish","hentry"],"post_mailing_queue_ids":[],"_links":{"self":[{"href":"https:\/\/www.anm.ro\/en\/wp-json\/wp\/v2\/pages\/166","targetHints":{"allow":["GET"]}}],"collection":[{"href":"https:\/\/www.anm.ro\/en\/wp-json\/wp\/v2\/pages"}],"about":[{"href":"https:\/\/www.anm.ro\/en\/wp-json\/wp\/v2\/types\/page"}],"author":[{"embeddable":true,"href":"https:\/\/www.anm.ro\/en\/wp-json\/wp\/v2\/users\/1"}],"replies":[{"embeddable":true,"href":"https:\/\/www.anm.ro\/en\/wp-json\/wp\/v2\/comments?post=166"}],"version-history":[{"count":4,"href":"https:\/\/www.anm.ro\/en\/wp-json\/wp\/v2\/pages\/166\/revisions"}],"predecessor-version":[{"id":9792,"href":"https:\/\/www.anm.ro\/en\/wp-json\/wp\/v2\/pages\/166\/revisions\/9792"}],"up":[{"embeddable":true,"href":"https:\/\/www.anm.ro\/en\/wp-json\/wp\/v2\/pages\/162"}],"wp:attachment":[{"href":"https:\/\/www.anm.ro\/en\/wp-json\/wp\/v2\/media?parent=166"}],"curies":[{"name":"wp","href":"https:\/\/api.w.org\/{rel}","templated":true}]}}