{"id":4794,"date":"2017-04-11T12:05:42","date_gmt":"2017-04-11T12:05:42","guid":{"rendered":"http:\/\/wwwro.anm.ro\/?page_id=4794"},"modified":"2026-04-30T09:10:01","modified_gmt":"2026-04-30T06:10:01","slug":"vigilenta","status":"publish","type":"page","link":"https:\/\/www.anm.ro\/en\/dispozitive-medicale\/vigilenta\/","title":{"rendered":"Vigilance"},"content":{"rendered":"<p><strong>THE MEDICAL DEVICES VIGILANCE SYSTEM<\/strong><\/p>\n<p>The medical devices vigilance system is a system for reporting and evaluating incidents and field safety corrective actions (FSCA). This system is primarily aimed at the health and safety of patients, users and others by reducing the likelihood of an incident reoccurring at another location. This is done by evaluating reported incidents and, where appropriate, disseminating information which could be used in order to prevent the recurrence or mitigate the consequences of such incidents.<\/p>\n<p>INCIDENTS<\/p>\n<p><strong>Manufacturers<\/strong> are obliged to report to the relevant Competent Authority, observing the deadlines provided in the legislation in force, serious incidents involving medical devices made available on the EU market. The NAMMDR is the Romanian Competent Authority in the field of medical devices.<\/p>\n<p><strong>Authorised representatives<\/strong> must immediately report serious incidents and suspected serious incidents involving the manufacturer\u2019s medical devices to the manufacturer.<\/p>\n<p><strong>Importers<\/strong> must immediately report serious incidents and suspected serious incidents involving the manufacturer\u2019s medical devices to the manufacturer and the manufacturer\u2019s authorised representative (as applicable).<\/p>\n<p><strong>Distributors<\/strong> must immediately report serious incidents and suspected serious incidents involving the manufacturer\u2019s medical devices to the manufacturer, the manufacturer\u2019s authorised representative (if applicable) and the importer.<\/p>\n<p>According to the requirements set out in Articles 13 and 14 of the MDR, if an importer or a distributor based in Romania considers or has reason to believe that a device is exposed to a serious risk or is a counterfeit device, they must inform the NAMMDR about it. If the device in question is also available in other EU member states, the distributor or importer must inform the competent authorities in the affected markets about the potentially serious risk or about the counterfeit device.<\/p>\n<p><strong>Healthcare professionals<\/strong>, patients and users must report any suspected serious incident related to the medical devices they handle to the NAMMDR within maximum 15 days from the date of the incident, depending on the consequences generated.<\/p>\n<p>Patients or, as the case may be, relatives or legal representatives of patients may inform the attending physician, the economic operator from whom they purchased the medical device and the NAMMDR, when they suspect the occurrence of any serious incident, as a result of the use of the respective medical device.<\/p>\n<p><strong>CORRECTIVE ACTION REPORT ON FIELD SAFETY<\/strong><\/p>\n<p>A field safety corrective action is a corrective action taken by a manufacturer, for technical or medical reasons, in order to prevent or reduce the risk of an incident occurring in relation to a medical device made available on the market. Field Safety Corrective Actions are brought to the attention of Competent Authorities via the <strong>Field Safety Corrective Action (FSCA)<\/strong> form.<\/p>\n<p>Field safety corrective actions may consist of: changes to the medical device, recommendations provided by the manufacturer regarding the use of the device and\/or follow-up of patients, users, etc. or returning a medical device to suppliers.<\/p>\n<p>Manufacturers bring field safety corrective actions to the attention of operators\/users through <strong>Field Safety Notifications (FSN)<\/strong>.<\/p>\n<p><strong>Applicable documents<\/strong>:<\/p>\n<p>Regulation 2017\/745 on medical devices (MDR) \u2013 Articles 87-92<br \/>\nEmergency ordinance no. 46 of 9 June 2021 \u2013 Article 9<br \/>\nOrder of the Minister of Health no. 3876 of 16 November 2023 on amendment and supplementation of certain regulatory documents in the field of medical devices and in vitro diagnostic medical devices \u2013 Art. I<br \/>\nRegulation 2017\/746 on in vitro diagnostic medical devices (IVDR) \u2013 Articles 82-87<br \/>\nEmergency Ordinance no. 137 of 12 October 2022 \u2013 Art. 7<br \/>\nMEDDEV 2.12-1 (<a href=\"https:\/\/ec.europa.eu\/docsroom\/documents\/32305\/attachments\/1\/translations\" target=\"_blank\">https:\/\/ec.europa.eu\/docsroom\/documents\/32305\/attachments\/1\/translations<\/a>)<\/p>\n<p><strong>Useful forms<\/strong>:<\/p>\n<p><strong>Manufacturer Incident Report (MIR) \u2013 version valid from 1 January 2020<\/strong><br \/>\n<a href=\"https:\/\/ec.europa.eu\/docsroom\/documents\/41681\" target=\"_blank\">https:\/\/ec.europa.eu\/docsroom\/documents\/41681<\/a><\/p>\n<p><strong>Field Safety Corrective Action (FSCA)<\/strong><br \/>\n<a href=\"https:\/\/ec.europa.eu\/docsroom\/documents\/32305\/attachments\/4\/translations\" target=\"_blank\">https:\/\/ec.europa.eu\/docsroom\/documents\/32305\/attachments\/4\/translations<\/a><\/p>\n<p><strong>Field Safety Notice (FSN)<\/strong><br \/>\n<a href=\"https:\/\/ec.europa.eu\/docsroom\/documents\/32521\" target=\"_blank\">https:\/\/ec.europa.eu\/docsroom\/documents\/32521<\/a><\/p>\n<p><strong>Form for reporting suspected serious incidents related to medical devices \u2013 for healthcare professionals, users and patients<\/strong><br \/>\n<a href=\"\/_\/DM\/Formular de raportare a incidentelor grave suspectate \u00een leg\u0103tur\u0103 cu dispozitivele medicale sau dispozitivele medicale pentru diagnostic in vitro \u2013 pentru profesioni\u015fti, utilizatori \u015fi pacien\u0163i.docx\" target=\"_blank\" rel=\"noopener\">descarca documentul &#8230;<\/a> <img loading=\"lazy\" decoding=\"async\" src=\"\/imagini\/icon\/Microsoft%20Word\/32_n.png\" width=\"32\" height=\"32\" align=\"absmiddle\" border=\"0\" \/><br \/>\n<a href=\"\/_\/DM\/Formular de raportare a incidentelor grave suspectate \u00een leg\u0103tur\u0103 cu dispozitivele medicale sau dispozitivele medicale pentru diagnostic in vitro \u2013 pentru profesioni\u015fti, utilizatori \u015fi pacien\u0163i.pdf\" target=\"_blank\" rel=\"noopener noreferrer\">descarca documentul &#8230;<\/a> <img loading=\"lazy\" decoding=\"async\" src=\"\/imagini\/icon\/Adobe-Acrobat-Reader-CS2-icon.png\" width=\"32\" height=\"32\" align=\"absmiddle\" border=\"0\" \/><\/p>\n<p><strong>NOTE<\/strong><\/p>\n<p>Manufacturers, healthcare professionals, patients and users can report vigilance issues as follows:<\/p>\n<p>\u2013 in electronic format: <a href=\"mailto:mdevice@anm.ro\" target=\"_blank\">mdevice@anm.ro<\/a><\/p>\n<p>OR<\/p>\n<p>\u2013 in written format at:<br \/>\nTHE NATIONAL AGENCY FOR MEDICINES AND MEDICAL DEVICES OF ROMANIA<br \/>\n48 Aviator Maior \u0218tefan S\u0103n\u0103tescu, 011478, sector 1, Bucharest<\/p>\n","protected":false},"excerpt":{"rendered":"<p>THE MEDICAL DEVICES VIGILANCE SYSTEM The medical devices vigilance system is a system for reporting and evaluating incidents and field [&hellip;]<\/p>\n","protected":false},"author":1,"featured_media":0,"parent":469,"menu_order":0,"comment_status":"closed","ping_status":"closed","template":"","meta":{"footnotes":""},"class_list":["post-4794","page","type-page","status-publish","hentry"],"post_mailing_queue_ids":[],"_links":{"self":[{"href":"https:\/\/www.anm.ro\/en\/wp-json\/wp\/v2\/pages\/4794","targetHints":{"allow":["GET"]}}],"collection":[{"href":"https:\/\/www.anm.ro\/en\/wp-json\/wp\/v2\/pages"}],"about":[{"href":"https:\/\/www.anm.ro\/en\/wp-json\/wp\/v2\/types\/page"}],"author":[{"embeddable":true,"href":"https:\/\/www.anm.ro\/en\/wp-json\/wp\/v2\/users\/1"}],"replies":[{"embeddable":true,"href":"https:\/\/www.anm.ro\/en\/wp-json\/wp\/v2\/comments?post=4794"}],"version-history":[{"count":3,"href":"https:\/\/www.anm.ro\/en\/wp-json\/wp\/v2\/pages\/4794\/revisions"}],"predecessor-version":[{"id":10025,"href":"https:\/\/www.anm.ro\/en\/wp-json\/wp\/v2\/pages\/4794\/revisions\/10025"}],"up":[{"embeddable":true,"href":"https:\/\/www.anm.ro\/en\/wp-json\/wp\/v2\/pages\/469"}],"wp:attachment":[{"href":"https:\/\/www.anm.ro\/en\/wp-json\/wp\/v2\/media?parent=4794"}],"curies":[{"name":"wp","href":"https:\/\/api.w.org\/{rel}","templated":true}]}}